{"id":74,"date":"2016-08-08T12:21:13","date_gmt":"2016-08-08T03:21:13","guid":{"rendered":"http:\/\/www.nnr.co.jp\/global_logistics_test\/?page_id=74"},"modified":"2026-04-01T08:42:27","modified_gmt":"2026-03-31T23:42:27","slug":"mx","status":"publish","type":"page","link":"https:\/\/www.nnr.co.jp\/global_logistics\/network\/na\/mx\/","title":{"rendered":"\u30e1\u30ad\u30b7\u30b3"},"content":{"rendered":"<div class=\"inner\">\n<h2>\u5317\u7c73\u55b6\u696d\u6240\u4e00\u89a7<\/h2>\n<div class=\"areaCatList\">\n<ul>\n<li><a href=\"..\/..\/domestics\/\"><img decoding=\"async\" src=\"..\/..\/images\/areajp.gif\" alt=\"\u65e5\u672c\" \/><\/a><\/li>\n<li><a class=\"current\" href=\"..\/..\/na\/\"><img decoding=\"async\" class=\"off\" src=\"..\/..\/images\/areana.gif\" alt=\"\u5317\u4e2d\u5357\u7c73\" \/><img decoding=\"async\" class=\"on\" src=\"..\/..\/images\/areana_on.gif\" alt=\"\u5317\u4e2d\u5357\u7c73\" \/><\/a><\/li>\n<li><a href=\"..\/..\/eu\/\"><img decoding=\"async\" src=\"..\/..\/images\/areaeu.gif\" alt=\"\u30e8\u30fc\u30ed\u30c3\u30d1\" \/><\/a><\/li>\n<li><a href=\"..\/..\/cn\/\"><img decoding=\"async\" src=\"..\/..\/images\/areacn.gif\" alt=\"\u4e2d\u83ef\u570f\" \/><\/a><\/li>\n<li><a href=\"..\/..\/asia\/\"><img decoding=\"async\" src=\"..\/..\/images\/areaasia.gif\" alt=\"\u30a2\u30b8\u30a2\u30fb\u30aa\u30bb\u30a2\u30cb\u30a2\" \/><\/a><\/li>\n<li><a href=\"..\/..\/sea\/\"><img decoding=\"async\" src=\"..\/..\/images\/areasea.gif\" alt=\"\u6771\u5357\u30a2\u30b8\u30a2\" \/><\/a><\/li>\n<\/ul>\n<\/div>\n<div class=\"map\"><img decoding=\"async\" src=\"https:\/\/www.nnr.co.jp\/global_logistics\/wp-content\/uploads\/2025\/09\/map_mexico.png\" alt=\"\u30e1\u30ad\u30b7\u30b3\" \/><\/div>\n<div class=\"areaCatListDetail\">\n<ul>\n<li><a href=\"..\/us\">\u30a2\u30e1\u30ea\u30ab<\/a><\/li>\n<li><a class=\"current\" href=\"..\/mx\">\u30e1\u30ad\u30b7\u30b3<\/a><\/li>\n<li><a href=\"..\/br\">\u30d6\u30e9\u30b8\u30eb<\/a><\/li>\n<\/ul>\n<\/div>\n<div class=\"areaCatListTable\">\n<h3>\u672c\u793e<\/h3>\n<table border=\"0\" width=\"100%\" cellspacing=\"0\" cellpadding=\"0\">\n<tbody>\n<tr>\n<td class=\"nametd\">NNR GLOBAL LOGISTICS MEXICO, S.A.DE C.V.<\/td>\n<td>\u793e\u9577\u3000\u6cb3\u5ca1\u3000\u614e\u4e5f<br \/>\nAV. EJ\u00c9RCITO NACIONAL 624, PISO 3, COL. PALMAS POLANCO, DEL. MIGUEL HIDALGO, CIUDAD DE MEXICO, C.P. 11560, MEXICO<\/td>\n<td class=\"txtCenter\">TEL:+52-55-5531-0800<\/td>\n<td class=\"txtCenter\">FAX:N\/A<\/td>\n<\/tr>\n<\/tbody>\n<\/table>\n<h3>\u652f\u5e97\uff65\u55b6\u696d\u6240\u540d<\/h3>\n<table border=\"0\" width=\"100%\" cellspacing=\"0\" cellpadding=\"0\">\n<tbody>\n<tr>\n<td class=\"nametd\">\u30b0\u30a2\u30c0\u30e9\u30cf\u30e9\u652f\u5e97<\/td>\n<td>AVE. LA LLAVE 1933 INT. 7 COL. VALLE DE LA MISERICORDIA, TLAQUEPARQUE CP 45615 JALIS CO, MEXICO<\/td>\n<td class=\"txtCenter\">TEL:+52-33-3688-8345<\/td>\n<\/tr>\n<tr>\n<td class=\"nametd\">\u30b1\u30ec\u30bf\u30ed\u5009\u5eab<\/td>\n<td>RETORNO EL MARQU\u00c9S# 8, INT. 12 Y 13. PARQUE INDUSTRIAL EL MARQU\u00c9S, QUER\u00c9TARO C.P. 76246, MEXICO<\/td>\n<td class=\"txtCenter\">TEL:+52-442-253-1309<\/td>\n<\/tr>\n<tr>\n<td class=\"nametd\">\u30a4\u30e9\u30d7\u30a2\u30c8\u4e8b\u52d9\u6240<\/td>\n<td>PLAZA DE LAS FUENTES #6273 LOC 13 VILLAS DE IRAPUATO, IRAPUATO, GTO, 36670, MEXICO<\/td>\n<td class=\"txtCenter\">TEL:+52-46-2432-7918<\/td>\n<\/tr>\n<tr>\n<td class=\"nametd\">\u30e2\u30f3\u30c6\u30ec\u30a4\u4e8b\u52d9\u6240<\/td>\n<td>WEWORK OFFICES-AVENIDA CONSTITUCI\u00d3N 2050, FLOOR 42, OFFICE 110, OBISPADO, MONTERREY, NUEVO LE\u00d3N, 64060, MEXICO<\/td>\n<td class=\"txtCenter\">TEL: TBA<\/td>\n<\/tr>\n<\/tbody>\n<\/table>\n<\/div>\n<\/div>\n","protected":false},"excerpt":{"rendered":"<p>\u5317\u7c73\u55b6\u696d\u6240\u4e00\u89a7 \u30a2\u30e1\u30ea\u30ab \u30e1\u30ad\u30b7\u30b3 \u30d6\u30e9\u30b8\u30eb \u672c\u793e NNR GLOBAL LOGISTICS MEXICO, S.A.DE C.V. \u793e\u9577\u3000\u6cb3\u5ca1\u3000\u614e\u4e5f AV. EJ\u00c9RCITO NACIONAL 624, PISO 3, [&hellip;]<\/p>\n","protected":false},"author":1,"featured_media":0,"parent":70,"menu_order":0,"comment_status":"closed","ping_status":"closed","template":"","meta":[],"categories":[2],"acf":[],"_links":{"self":[{"href":"https:\/\/www.nnr.co.jp\/global_logistics\/wp-json\/wp\/v2\/pages\/74"}],"collection":[{"href":"https:\/\/www.nnr.co.jp\/global_logistics\/wp-json\/wp\/v2\/pages"}],"about":[{"href":"https:\/\/www.nnr.co.jp\/global_logistics\/wp-json\/wp\/v2\/types\/page"}],"author":[{"embeddable":true,"href":"https:\/\/www.nnr.co.jp\/global_logistics\/wp-json\/wp\/v2\/users\/1"}],"replies":[{"embeddable":true,"href":"https:\/\/www.nnr.co.jp\/global_logistics\/wp-json\/wp\/v2\/comments?post=74"}],"version-history":[{"count":18,"href":"https:\/\/www.nnr.co.jp\/global_logistics\/wp-json\/wp\/v2\/pages\/74\/revisions"}],"predecessor-version":[{"id":21754,"href":"https:\/\/www.nnr.co.jp\/global_logistics\/wp-json\/wp\/v2\/pages\/74\/revisions\/21754"}],"up":[{"embeddable":true,"href":"https:\/\/www.nnr.co.jp\/global_logistics\/wp-json\/wp\/v2\/pages\/70"}],"wp:attachment":[{"href":"https:\/\/www.nnr.co.jp\/global_logistics\/wp-json\/wp\/v2\/media?parent=74"}],"wp:term":[{"taxonomy":"category","embeddable":true,"href":"https:\/\/www.nnr.co.jp\/global_logistics\/wp-json\/wp\/v2\/categories?post=74"}],"curies":[{"name":"wp","href":"https:\/\/api.w.org\/{rel}","templated":true}]}}